{"id":6581,"date":"2017-03-08T15:23:27","date_gmt":"2017-03-08T15:23:27","guid":{"rendered":"http:\/\/vibez.elated-themes.com\/?page_id=6581"},"modified":"2026-01-24T15:41:45","modified_gmt":"2026-01-24T14:41:45","slug":"nos_professeurs","status":"publish","type":"page","link":"https:\/\/afdancestudio.com\/index.php\/nos_professeurs\/","title":{"rendered":"NOS PROFESSEURS"},"content":{"rendered":"<div class=\"wpb-content-wrapper\"><p>[vc_row enable_arrows_animation=\u00a0\u00bbno\u00a0\u00bb][vc_column offset=\u00a0\u00bbvc_hidden-sm vc_hidden-xs\u00a0\u00bb][vc_empty_space height=\u00a0\u00bb130px\u00a0\u00bb][\/vc_column][\/vc_row][vc_row full_width=\u00a0\u00bbstretch_row_content\u00a0\u00bb equal_height=\u00a0\u00bbyes\u00a0\u00bb enable_arrows_animation=\u00a0\u00bbno\u00a0\u00bb simple_background_color=\u00a0\u00bb#141414&Prime;][vc_column css=\u00a0\u00bb.vc_custom_1752936797015{margin-top: 0% !important;margin-right: 0% !important;margin-bottom: 0% !important;margin-left: 0% !important;padding-top: 0% !important;padding-right: 0% !important;padding-bottom: 0% !important;padding-left: 0% !important;}\u00a0\u00bb offset=\u00a0\u00bbvc_col-lg-6 vc_col-md-6&Prime;]<div class=\"eltdf-elements-holder eltdf-one-column eltdf-responsive-mode-768 eltdf-one-column-alignment-center\" ><div class=\"eltdf-eh-item  eltdf-horizontal-alignment-center\" style=\"background-image: url(https:\/\/afdancestudio.com\/wp-content\/uploads\/2025\/07\/IMG_6923-2.jpg)\" data-item-class=\"eltdf-eh-custom-363663\">\n\t<div class=\"eltdf-eh-item-inner\">\n\t\t<div class=\"eltdf-eh-item-content eltdf-eh-custom-363663\" style=\"padding: 21.8% 0 21.8% 0\">\n\t\t\t[vc_empty_space height=\u00a0\u00bb249px\u00a0\u00bb]\t\t<\/div>\n\t<\/div>\n<\/div><\/div>[\/vc_column][vc_column css=\u00a0\u00bb.vc_custom_1489160962604{margin-top: 0% !important;margin-right: 0% !important;margin-bottom: 0% !important;margin-left: 0% !important;padding-top: 0% !important;padding-right: 0% !important;padding-bottom: 0% !important;padding-left: 0% !important;}\u00a0\u00bb offset=\u00a0\u00bbvc_col-lg-6 vc_col-md-6&Prime;]<div class=\"eltdf-elements-holder eltdf-one-column eltdf-responsive-mode-768\" ><div class=\"eltdf-eh-item \"  data-item-class=\"eltdf-eh-custom-401872\" data-1280-1600=\"15.5% 34% 10% 14%\" data-1024-1280=\"15% 30% 10% 15%\" data-768-1024=\"11% 20% 10% 15%\" data-600-768=\"11% 20% 3% 15%\" data-480-600=\"20% 10% 0 10%\" data-480=\"20% 10% 0 10%\">\n\t<div class=\"eltdf-eh-item-inner\">\n\t\t<div class=\"eltdf-eh-item-content eltdf-eh-custom-401872\" style=\"padding: 18.5% 34% 10% 16%\">\n\t\t\t[vc_column_text css=\u00a0\u00bb\u00a0\u00bb]<\/p>\n<h5><span style=\"color: #30d2dd;\">Nos professeurs<\/span><\/h5>\n<p>[\/vc_column_text]<div class=\"eltdf-section-title-holder  eltdf-st-standard eltdf-st-title-left eltdf-st-normal-space  \" style=\"text-align: left\">\n\t<div class=\"eltdf-st-inner\">\n\t\t\t\t\t<h2 class=\"eltdf-st-title\" style=\"color: #ffffff\">\n\t\t\t\t<span class=\"eltdf-st-title-light\">ALEXANDRA<\/span> <span class=\"eltdf-st-title-bold\">FOURCAUD<\/span>\t\t\t<\/h2>\n\t\t\t\t\t\t\t<p class=\"eltdf-st-text\" style=\"margin-top: 20px\">\n\t\t\t\tChor\u00e9graphe et professeure de danses urbaines, avec plus de 15 ans d\u2019exp\u00e9rience. J'ai suivi des formations \u00e0 Paris et aux \u00c9tats-Unis, berceau du hip\u2011hop. Aujourd\u2019hui, j'enseigne \u00e0 Vernon pour transmettre ma passion vivante pour la danse urbaine. J'ai eu l'honneur de porter la flamme olympique, une reconnaissance de mon r\u00f4le marquant dans la culture hip\u2011hop locale.\t\t\t<\/p>\n\t\t\t<\/div>\n<\/div>[vc_empty_space]    <span class=\"eltdf-icon-shortcode eltdf-normal \"  data-hover-color=\"#ffffff\" data-color=\"#30D2DD\">\n                    <a itemprop=\"url\" class=\"\" href=\"https:\/\/www.instagram.com\/alexandrafourcaud\/\" target=\"_blank\">\n                    <span aria-hidden=\"true\" class=\"eltdf-icon-font-elegant social_instagram eltdf-icon-element\" style=\"color: #30D2DD\" ><\/span>                    <\/a>\n            <\/span>\n\t\t<\/div>\n\t<\/div>\n<\/div><\/div>[\/vc_column][\/vc_row][vc_row full_width=\u00a0\u00bbstretch_row_content\u00a0\u00bb enable_arrows_animation=\u00a0\u00bbno\u00a0\u00bb simple_background_color=\u00a0\u00bb#141414&Prime;][vc_column css=\u00a0\u00bb.vc_custom_1489160971460{margin-top: 0% !important;margin-right: 0% !important;margin-bottom: 0% !important;margin-left: 0% !important;padding-top: 0% !important;padding-right: 0% !important;padding-bottom: 0% !important;padding-left: 0% !important;}\u00a0\u00bb offset=\u00a0\u00bbvc_col-lg-6 vc_col-md-6&Prime;]<div class=\"eltdf-elements-holder eltdf-one-column eltdf-responsive-mode-768\" ><div class=\"eltdf-eh-item \" style=\"background-image: url(https:\/\/afdancestudio.com\/wp-content\/uploads\/2025\/07\/Capture-decran-2025-07-17-a-22.54.30.png)\" data-item-class=\"eltdf-eh-custom-423478\">\n\t<div class=\"eltdf-eh-item-inner\">\n\t\t<div class=\"eltdf-eh-item-content eltdf-eh-custom-423478\" style=\"padding: 21.8% 0 21.8% 0\">\n\t\t\t[vc_empty_space height=\u00a0\u00bb249px\u00a0\u00bb]\t\t<\/div>\n\t<\/div>\n<\/div><\/div>[\/vc_column][vc_column css=\u00a0\u00bb.vc_custom_1754756849411{margin-top: 0% !important;margin-right: 0% !important;margin-bottom: 0% !important;margin-left: 0% !important;padding-top: 0% !important;padding-right: 0% !important;padding-bottom: 0% !important;padding-left: 0% !important;}\u00a0\u00bb offset=\u00a0\u00bbvc_col-lg-6 vc_col-md-6&Prime;]<div class=\"eltdf-elements-holder eltdf-one-column eltdf-responsive-mode-768 eltdf-one-column-alignment-left\" ><div class=\"eltdf-eh-item \"  data-item-class=\"eltdf-eh-custom-413064\" data-1280-1600=\"15.5% 34% 10% 14%\" data-1024-1280=\"15% 30% 10% 15%\" data-768-1024=\"11% 20% 10% 15%\" data-600-768=\"11% 20% 15% 15%\" data-480-600=\"20% 10% 28% 10%\" data-480=\"20% 10% 28% 10%\">\n\t<div class=\"eltdf-eh-item-inner\">\n\t\t<div class=\"eltdf-eh-item-content eltdf-eh-custom-413064\" style=\"padding: 18.5% 34% 10% 16%\">\n\t\t\t[vc_column_text css=\u00a0\u00bb\u00a0\u00bb]<\/p>\n<h5><span style=\"color: #30d2dd;\">Nos professeurs<\/span><\/h5>\n<p>[\/vc_column_text]<div class=\"eltdf-section-title-holder  eltdf-st-standard eltdf-st-title-left eltdf-st-normal-space  \" style=\"text-align: left\">\n\t<div class=\"eltdf-st-inner\">\n\t\t\t\t\t<h2 class=\"eltdf-st-title\" style=\"color: #ffffff\">\n\t\t\t\t<span class=\"eltdf-st-title-light\">CLARA<\/span> <span class=\"eltdf-st-title-bold\">LOPES<\/span> DA CRUZ\t\t\t<\/h2>\n\t\t\t\t\t\t\t<p class=\"eltdf-st-text\" style=\"margin-top: 20px\">\n\t\t\t\tJe suis chor\u00e9graphe et coach sportif passionn\u00e9e. J\u2019ai eu la chance d\u2019accompagner mes \u00e9l\u00e8ves sur des sc\u00e8nes prestigieuses comme Bercy ou le Z\u00e9nith. Form\u00e9e \u00e0 de nombreux styles : hip-hop, dancehall, house-locking, afrovibes ... J\u2019aime cr\u00e9er des chor\u00e9graphies puissantes et uniques. Mon objectif : transmettre ma passion, pousser chacun \u00e0 se d\u00e9passer et vivre pleinement la danse.\t\t\t<\/p>\n\t\t\t<\/div>\n<\/div>[vc_empty_space]    <span class=\"eltdf-icon-shortcode eltdf-normal \"  data-hover-color=\"#ffffff\" data-color=\"#30D2DD\">\n                    <a itemprop=\"url\" class=\"\" href=\"https:\/\/www.instagram.com\/clarita_sds\/\" target=\"_blank\">\n                    <span aria-hidden=\"true\" class=\"eltdf-icon-font-elegant social_instagram eltdf-icon-element\" style=\"color: #30D2DD\" ><\/span>                    <\/a>\n            <\/span>\n\t\t<\/div>\n\t<\/div>\n<\/div><\/div>[\/vc_column][\/vc_row][vc_row full_width=\u00a0\u00bbstretch_row_content\u00a0\u00bb enable_arrows_animation=\u00a0\u00bbno\u00a0\u00bb simple_background_color=\u00a0\u00bb#141414&Prime;][vc_column css=\u00a0\u00bb.vc_custom_1489160986868{margin-top: 0% !important;margin-right: 0% !important;margin-bottom: 0% !important;margin-left: 0% !important;padding-top: 0% !important;padding-right: 0% !important;padding-bottom: 0% !important;padding-left: 0% !important;}\u00a0\u00bb offset=\u00a0\u00bbvc_col-lg-6 vc_col-md-6&Prime;]<div class=\"eltdf-elements-holder eltdf-one-column eltdf-responsive-mode-768\" ><div class=\"eltdf-eh-item \" style=\"background-image: url(https:\/\/afdancestudio.com\/wp-content\/uploads\/2025\/07\/IMG_5274.jpg)\" data-item-class=\"eltdf-eh-custom-821295\">\n\t<div class=\"eltdf-eh-item-inner\">\n\t\t<div class=\"eltdf-eh-item-content eltdf-eh-custom-821295\" style=\"padding: 21.8% 0 21.8% 0\">\n\t\t\t[vc_empty_space height=\u00a0\u00bb249px\u00a0\u00bb]\t\t<\/div>\n\t<\/div>\n<\/div><\/div>[\/vc_column][vc_column css=\u00a0\u00bb.vc_custom_1489160994427{margin-top: 0% !important;margin-right: 0% !important;margin-bottom: 0% !important;margin-left: 0% !important;padding-top: 0% !important;padding-right: 0% !important;padding-bottom: 0% !important;padding-left: 0% !important;}\u00a0\u00bb offset=\u00a0\u00bbvc_col-lg-6 vc_col-md-6&Prime;]<div class=\"eltdf-elements-holder eltdf-one-column eltdf-responsive-mode-768 eltdf-one-column-alignment-left\" ><div class=\"eltdf-eh-item \"  data-item-class=\"eltdf-eh-custom-897060\" data-1280-1600=\"15.5% 34% 10% 14%\" data-1024-1280=\"15% 30% 10% 15%\" data-768-1024=\"11% 20% 10% 15%\" data-600-768=\"11% 20% 15% 15%\" data-480-600=\"20% 10% 28% 10%\" data-480=\"20% 10% 28% 10%\">\n\t<div class=\"eltdf-eh-item-inner\">\n\t\t<div class=\"eltdf-eh-item-content eltdf-eh-custom-897060\" style=\"padding: 18.5% 34% 10% 16%\">\n\t\t\t[vc_column_text css=\u00a0\u00bb\u00a0\u00bb]<\/p>\n<h5><span style=\"color: #30d2dd;\">Nos professeurs<\/span><\/h5>\n<p>[\/vc_column_text]<div class=\"eltdf-section-title-holder  eltdf-st-standard eltdf-st-title-left eltdf-st-normal-space  \" style=\"text-align: left\">\n\t<div class=\"eltdf-st-inner\">\n\t\t\t\t\t<h2 class=\"eltdf-st-title\" style=\"color: #ffffff\">\n\t\t\t\t<span class=\"eltdf-st-title-light\">LOU-EVA<\/span> <span class=\"eltdf-st-title-bold\">LANGLAIS<\/span>\t\t\t<\/h2>\n\t\t\t\t\t\t\t<p class=\"eltdf-st-text\" style=\"margin-top: 20px\">\n\t\t\t\tPassionn\u00e9e de danse depuis l\u2019enfance, j\u2019ai commenc\u00e9 \u00e0 7 ans \u00e0 l\u2019\u00e9cole d\u2019Alexandra, o\u00f9 j\u2019enseigne aujourd\u2019hui. Apr\u00e8s 14 ans de pratique, j\u2019ai rejoint l\u2019\u00e9cole professionnelle Choreia \u00e0 Paris, puis la Neodance Academy pour explorer divers styles.<br \/>\nMembre de la classe concours de Quentin Laporte, j\u2019ai particip\u00e9 \u00e0 de nombreuses sc\u00e8nes et comp\u00e9titions en France. Je continue \u00e0 me former chaque jour tout en transmettant ma passion \u00e0 travers l\u2019enseignement.\t\t\t<\/p>\n\t\t\t<\/div>\n<\/div>[vc_empty_space]    <span class=\"eltdf-icon-shortcode eltdf-normal \"  data-hover-color=\"#ffffff\" data-color=\"#30D2DD\">\n                    <a itemprop=\"url\" class=\"\" href=\"https:\/\/www.instagram.com\/loueva.lgs\/\" target=\"_blank\">\n                    <span aria-hidden=\"true\" class=\"eltdf-icon-font-elegant social_instagram eltdf-icon-element\" style=\"color: #30D2DD\" ><\/span>                    <\/a>\n            <\/span>\n\t\t<\/div>\n\t<\/div>\n<\/div><\/div>[\/vc_column][\/vc_row]<\/p>\n<\/div>","protected":false},"excerpt":{"rendered":"<p>[vc_row enable_arrows_animation=\u00a0\u00bbno\u00a0\u00bb][vc_column offset=\u00a0\u00bbvc_hidden-sm vc_hidden-xs\u00a0\u00bb][vc_empty_space height=\u00a0\u00bb130px\u00a0\u00bb][\/vc_column][\/vc_row][vc_row full_width=\u00a0\u00bbstretch_row_content\u00a0\u00bb equal_height=\u00a0\u00bbyes\u00a0\u00bb enable_arrows_animation=\u00a0\u00bbno\u00a0\u00bb simple_background_color=\u00a0\u00bb#141414&Prime;][vc_column css=\u00a0\u00bb.vc_custom_1752936797015{margin-top: 0% !important;margin-right: 0% !important;margin-bottom: 0% !important;margin-left: 0% !important;padding-top: 0% !important;padding-right: 0% !important;padding-bottom: 0% !important;padding-left: 0% !important;}\u00a0\u00bb offset=\u00a0\u00bbvc_col-lg-6 vc_col-md-6&Prime;][\/vc_column][vc_column css=\u00a0\u00bb.vc_custom_1489160962604{margin-top: 0% !important;margin-right: 0% !important;margin-bottom: 0% !important;margin-left: 0% !important;padding-top: 0% !important;padding-right: 0% !important;padding-bottom: 0% !important;padding-left: 0% !important;}\u00a0\u00bb offset=\u00a0\u00bbvc_col-lg-6 vc_col-md-6&Prime;][\/vc_column][\/vc_row][vc_row full_width=\u00a0\u00bbstretch_row_content\u00a0\u00bb enable_arrows_animation=\u00a0\u00bbno\u00a0\u00bb simple_background_color=\u00a0\u00bb#141414&Prime;][vc_column css=\u00a0\u00bb.vc_custom_1489160971460{margin-top: 0% !important;margin-right: 0% !important;margin-bottom: 0% !important;margin-left: 0% !important;padding-top: 0% !important;padding-right: 0% !important;padding-bottom: 0% !important;padding-left: 0% !important;}\u00a0\u00bb offset=\u00a0\u00bbvc_col-lg-6 vc_col-md-6&Prime;][\/vc_column][vc_column css=\u00a0\u00bb.vc_custom_1754756849411{margin-top: 0% !important;margin-right: 0% !important;margin-bottom: 0% !important;margin-left: 0% !important;padding-top: 0% !important;padding-right: 0% !important;padding-bottom: 0% !important;padding-left: 0% !important;}\u00a0\u00bb offset=\u00a0\u00bbvc_col-lg-6 [&hellip;]<\/p>\n","protected":false},"author":1,"featured_media":0,"parent":0,"menu_order":0,"comment_status":"closed","ping_status":"closed","template":"","meta":{"footnotes":""},"class_list":["post-6581","page","type-page","status-publish","hentry"],"_links":{"self":[{"href":"https:\/\/afdancestudio.com\/index.php\/wp-json\/wp\/v2\/pages\/6581","targetHints":{"allow":["GET"]}}],"collection":[{"href":"https:\/\/afdancestudio.com\/index.php\/wp-json\/wp\/v2\/pages"}],"about":[{"href":"https:\/\/afdancestudio.com\/index.php\/wp-json\/wp\/v2\/types\/page"}],"author":[{"embeddable":true,"href":"https:\/\/afdancestudio.com\/index.php\/wp-json\/wp\/v2\/users\/1"}],"replies":[{"embeddable":true,"href":"https:\/\/afdancestudio.com\/index.php\/wp-json\/wp\/v2\/comments?post=6581"}],"version-history":[{"count":20,"href":"https:\/\/afdancestudio.com\/index.php\/wp-json\/wp\/v2\/pages\/6581\/revisions"}],"predecessor-version":[{"id":9999,"href":"https:\/\/afdancestudio.com\/index.php\/wp-json\/wp\/v2\/pages\/6581\/revisions\/9999"}],"wp:attachment":[{"href":"https:\/\/afdancestudio.com\/index.php\/wp-json\/wp\/v2\/media?parent=6581"}],"curies":[{"name":"wp","href":"https:\/\/api.w.org\/{rel}","templated":true}]}}